{"id":178,"date":"2019-10-10T07:35:03","date_gmt":"2019-10-10T07:35:03","guid":{"rendered":"http:\/\/skelektrotechnik.com\/?page_id=178"},"modified":"2019-10-10T07:36:43","modified_gmt":"2019-10-10T07:36:43","slug":"kundenbewertungen","status":"publish","type":"page","link":"http:\/\/skelektrotechnik.com\/?page_id=178","title":{"rendered":"Kundenbewertungen"},"content":{"rendered":"\n<p><strong>Stephanie K.<\/strong>\u00a0(03. September 2019)<\/p>\n\n\n\n<p>Super schnell, perfekt gearbeitet und sehr freundlich. Ich w\u00fcrde sie immer wieder weiter empfehlen!<\/p>\n\n\n\n<p><strong>B K.<\/strong>\u00a0(27. Mai 2019)<\/p>\n\n\n\n<p>Kompetent, schnell, zuverl\u00e4ssig und freundlich zu fairen Preisen. Z\u00fcgig Ausf\u00fchrung der Arbeiten &#8211; exakt im Zeitlimit! Gern wieder &#8211; Danke!<a href=\"https:\/\/www.facebook.com\/mirko.koerver?fref=nf&amp;__tn__=%2Cdm-R-R&amp;eid=ARClzAPQNgj6jigWD0h9wx6OoMwvxcZaqTqEFU89cPyATNGT4aEgs97OvBcouLsZVAYEmkaXyhPUKLBs\"><\/a><\/p>\n\n\n\n<p><a href=\"https:\/\/www.facebook.com\/mirko.koerver\/posts\/1961861690551681:0\"><abbr title=\"21.04.18, 21:48\"><\/abbr><\/a><strong>M K.<\/strong>&nbsp;(21. April 2018) <\/p>\n\n\n\n<p>zuverl\u00e4ssig \ufffd<br> kompetent \ufffd<br> kreativ \ufffd<br> innovativ \ufffd<br> gut organisiert \ufffd<br> jung und dynamisch \ufffd<br> motiviert \ufffd<br> flexibel \ufffd<\/p>\n","protected":false},"excerpt":{"rendered":"<p>Stephanie K.\u00a0(03. September 2019) Super schnell, perfekt gearbeitet und sehr freundlich. Ich w\u00fcrde sie immer wieder weiter empfehlen! B K.\u00a0(27. Mai 2019) Kompetent, schnell, zuverl\u00e4ssig und freundlich zu fairen Preisen. Z\u00fcgig Ausf\u00fchrung der Arbeiten &#8211; exakt im Zeitlimit! Gern wieder &#8211; Danke! M K.&nbsp;(21. April 2018) zuverl\u00e4ssig \ufffd kompetent \ufffd kreativ \ufffd innovativ \ufffd gut [&hellip;]<\/p>\n","protected":false},"author":1,"featured_media":0,"parent":0,"menu_order":0,"comment_status":"closed","ping_status":"closed","template":"","meta":{"saved_in_kubio":false,"footnotes":""},"class_list":["post-178","page","type-page","status-publish","hentry"],"kubio_ai_page_context":{"short_desc":"","purpose":"general"},"_links":{"self":[{"href":"http:\/\/skelektrotechnik.com\/index.php?rest_route=\/wp\/v2\/pages\/178","targetHints":{"allow":["GET"]}}],"collection":[{"href":"http:\/\/skelektrotechnik.com\/index.php?rest_route=\/wp\/v2\/pages"}],"about":[{"href":"http:\/\/skelektrotechnik.com\/index.php?rest_route=\/wp\/v2\/types\/page"}],"author":[{"embeddable":true,"href":"http:\/\/skelektrotechnik.com\/index.php?rest_route=\/wp\/v2\/users\/1"}],"replies":[{"embeddable":true,"href":"http:\/\/skelektrotechnik.com\/index.php?rest_route=%2Fwp%2Fv2%2Fcomments&post=178"}],"version-history":[{"count":3,"href":"http:\/\/skelektrotechnik.com\/index.php?rest_route=\/wp\/v2\/pages\/178\/revisions"}],"predecessor-version":[{"id":182,"href":"http:\/\/skelektrotechnik.com\/index.php?rest_route=\/wp\/v2\/pages\/178\/revisions\/182"}],"wp:attachment":[{"href":"http:\/\/skelektrotechnik.com\/index.php?rest_route=%2Fwp%2Fv2%2Fmedia&parent=178"}],"curies":[{"name":"wp","href":"https:\/\/api.w.org\/{rel}","templated":true}]}}