{"id":62,"date":"2018-10-25T08:53:42","date_gmt":"2018-10-25T08:53:42","guid":{"rendered":"http:\/\/skelektrotechnik.com\/?page_id=62"},"modified":"2019-04-12T12:47:45","modified_gmt":"2019-04-12T12:47:45","slug":"leistungen","status":"publish","type":"page","link":"http:\/\/skelektrotechnik.com\/?page_id=62","title":{"rendered":"Leistungen"},"content":{"rendered":"<p><strong>Wir bieten Leistungen in den Bereichen:<\/strong><\/p>\n<p><strong><em>Planung elektrotechnischer Anlagen \/ E-Konstruktion<\/em><\/strong><\/p>\n<p>Wir unterst\u00fctzen Sie dabei die passende Steuerungsl\u00f6sung zu Ihrer Aufgabenstellung zu finden. Die Planung erfolgt nach den geltenden Normen und Ihren Vorgaben. Die Pl\u00e4ne enthalten s\u00e4mtliche Auswertungen wie Materiallisten, Klemmenpl\u00e4ne, Kabellisten usw.. So verk\u00fcrzen wir den Einkaufsprozess, sichern einen schnellen Zugriff auf ben\u00f6tigte Ersatzteildaten und unterst\u00fctzen auch Ihre Instandhaltung Ausfallzeiten zu verk\u00fcrzen.<\/p>\n<p><em><strong>Schaltschrankbau<\/strong><\/em><\/p>\n<p>Wir bauen f\u00fcr Sie Schaltschr\u00e4nke nach Ihren Pl\u00e4nen oder komplett aus unserer gemeinsamen Planung.\u00a0 Profitieren Sie von unserer langj\u00e4hrigen Erfahrung aus dem Bereich Maschinenbau. Unsere Anlagen werden nach geltenden Normen und Richtlinien gebaut und auf Ihre Bed\u00fcrfnisse angepasst. Sicherheit wird bei uns GRO\u00df geschrieben, weshalb jeder unserer Schr\u00e4nke vor der Auslieferung gepr\u00fcft und dokumentiert wird.<\/p>\n<p><em><strong>Dokumentation elektrischer Anlagen<\/strong><\/em><\/p>\n<p>Sie haben bestehende Anlagen aber Ihnen fehlt die Dokumentation?\u00a0 Sie haben \u00c4nderungen an Ihren Anlagen die nur Handschriftlich dokumentiert wurden oder gar nur Dokumentation in Papierform? Hier k\u00f6nnen wir Ihnen helfen. Wir nehmen Ihre Anlagen auf, erweitern Ihre Dokumentationen oder bringen Ihre veraltete Papierdokumentation auf den neusten Stand in digitaler Form.<\/p>\n<p><em><strong>KNX Anlagen \/ <\/strong><\/em><em><strong>Bus-Systeme \/ Smart Home<br \/>\n<\/strong><\/em><\/p>\n<p>Sie m\u00f6chten Ihr Haus oder Ihre Wohnung smarter machen? Von der kleinen bis zur gro\u00dfen L\u00f6sung sind wir der richtige Ansprechpartner. Durch den Einsatz moderner Technik entsteht hier mehr Wohnkomfort. Au\u00dferdem lassen sich so auch Energiekosten sparen. Ob durch intelligente Lichtsysteme oder geregelte Heizungssteuerung, Geldbeutel und Umwelt werden geschont. Ein klug geplantes Smart Home System bietet zudem auch mit wenig Aufwand einen sehr effizienten Einbruch- und Diebstahlschutz.<\/p>\n<p><em><strong>Netzwerkinstallation<\/strong><\/em><\/p>\n<p>Wir bieten Ihnen Netzwerkverkabelung f\u00fcr Ihr Unternehmen oder Ihr zu Hause an. Der Bau und Anschluss von Netzwerkschr\u00e4nken, sowie eine Inbetriebnahmemessung und eine vollst\u00e4ndige Dokumentation geh\u00f6ren mit zu unseren Leistungen.<\/p>\n<p><em><strong>SPS-Programmierung<\/strong><\/em><\/p>\n<p>Gerne \u00e4ndern wir die Programmierungen der speicherprogrammierbaren Steuerungen Ihrer bestehenden Anlagen oder schreiben neue Programme f\u00fcr die, von uns, f\u00fcr Sie gebauten Schaltschr\u00e4nke und nehmen sie vor Ort in Betrieb.<\/p>\n<p><em><strong>Hausinstallation<\/strong><\/em><\/p>\n<p>Vom Neubau bis zur Altbausanierung decken wir alle Bereiche der Hausinstallation ab. Hierzu geh\u00f6ren:<\/p>\n<ul>\n<li>SAT-Anlagen<\/li>\n<li>Beleuchtungssysteme<\/li>\n<li>Elektroinstallation<\/li>\n<li>Netzwerkinstallation<\/li>\n<li>Smart Home Systeme<\/li>\n<li>Jalousiesteuerungen<\/li>\n<li>Brandmeldesysteme<\/li>\n<\/ul>\n<p><em><strong>Industriemontage<\/strong><\/em><\/p>\n<p>Wir \u00fcbernehmen die Verkabelung, den Anschluss bis hin zur Inbetriebnahme Ihrer Anlage. Auf Wunsch \u00fcbernehmen wir vor Ort f\u00fcr Sie die Projektleitung und sorgen f\u00fcr einen reibungslosen Ablauf. Gerne unterst\u00fctzen wir Sie schon bei der Planung Ihrer Montagen.<\/p>\n<p><em><strong>DGUV Pr\u00fcfungen<\/strong><\/em><\/p>\n<p>Jeder Unternehmer ist verpflichtet alle elektrischen Betriebsmittel reglm\u00e4ssig nach DGUV pr\u00fcfen zu lassen. Gerne unterbreiten wir Ihnen ein individuelles Angebot.<\/p>\n<p><em><strong>Elektroinstallation<\/strong><\/em><\/p>\n<p>Gerne versetzen wir ihre bestehende Installation oder installieren auf Wunsch zus\u00e4tzliche Schalter oder Steckdosen im Innen- und Au\u00dfenbereich, auf- sowie unterputz. Wir schlie\u00dfen Ihnen auch gerne ihren neu erworbenen E-Herd, Ihre Waschmaschine oder Ihr Klimager\u00e4t an.<\/p>\n<p>Bei Fragen kontaktieren Sie uns einfach. Wir freuen uns gemeinsam mit Ihnen Ihre Projekte zu verwirklichen.<\/p>\n","protected":false},"excerpt":{"rendered":"<p>Wir bieten Leistungen in den Bereichen: Planung elektrotechnischer Anlagen \/ E-Konstruktion Wir unterst\u00fctzen Sie dabei die passende Steuerungsl\u00f6sung zu Ihrer Aufgabenstellung zu finden. Die Planung erfolgt nach den geltenden Normen und Ihren Vorgaben. Die Pl\u00e4ne enthalten s\u00e4mtliche Auswertungen wie Materiallisten, Klemmenpl\u00e4ne, Kabellisten usw.. So verk\u00fcrzen wir den Einkaufsprozess, sichern einen schnellen Zugriff auf ben\u00f6tigte Ersatzteildaten [&hellip;]<\/p>\n","protected":false},"author":1,"featured_media":0,"parent":0,"menu_order":0,"comment_status":"closed","ping_status":"closed","template":"","meta":{"saved_in_kubio":false,"footnotes":""},"class_list":["post-62","page","type-page","status-publish","hentry"],"kubio_ai_page_context":{"short_desc":"","purpose":"general"},"_links":{"self":[{"href":"http:\/\/skelektrotechnik.com\/index.php?rest_route=\/wp\/v2\/pages\/62","targetHints":{"allow":["GET"]}}],"collection":[{"href":"http:\/\/skelektrotechnik.com\/index.php?rest_route=\/wp\/v2\/pages"}],"about":[{"href":"http:\/\/skelektrotechnik.com\/index.php?rest_route=\/wp\/v2\/types\/page"}],"author":[{"embeddable":true,"href":"http:\/\/skelektrotechnik.com\/index.php?rest_route=\/wp\/v2\/users\/1"}],"replies":[{"embeddable":true,"href":"http:\/\/skelektrotechnik.com\/index.php?rest_route=%2Fwp%2Fv2%2Fcomments&post=62"}],"version-history":[{"count":12,"href":"http:\/\/skelektrotechnik.com\/index.php?rest_route=\/wp\/v2\/pages\/62\/revisions"}],"predecessor-version":[{"id":159,"href":"http:\/\/skelektrotechnik.com\/index.php?rest_route=\/wp\/v2\/pages\/62\/revisions\/159"}],"wp:attachment":[{"href":"http:\/\/skelektrotechnik.com\/index.php?rest_route=%2Fwp%2Fv2%2Fmedia&parent=62"}],"curies":[{"name":"wp","href":"https:\/\/api.w.org\/{rel}","templated":true}]}}